{"id":449,"date":"2025-05-12T17:11:49","date_gmt":"2025-05-12T20:11:49","guid":{"rendered":"http:\/\/timedojoelho.webnginx203.uni5.net\/?page_id=449"},"modified":"2025-05-19T13:00:28","modified_gmt":"2025-05-19T16:00:28","slug":"orientacoes-cirurgia","status":"publish","type":"page","link":"https:\/\/timedojoelho.com.br\/?page_id=449","title":{"rendered":"Orienta\u00e7\u00f5es Cirurgia"},"content":{"rendered":"\t\t<div data-elementor-type=\"wp-page\" data-elementor-id=\"449\" class=\"elementor elementor-449\" data-elementor-settings=\"[]\">\r\n\t\t\t\t\t\t\t<div class=\"elementor-section-wrap\">\r\n\t\t\t\t\t\t\t<section class=\"elementor-section elementor-top-section elementor-element elementor-element-b8cf4f3 elementor-section-full_width elementor-section-height-default elementor-section-height-default\" data-id=\"b8cf4f3\" data-element_type=\"section\">\r\n\t\t\t\t\t\t<div class=\"elementor-container elementor-column-gap-no\">\r\n\t\t\t\t\t<div class=\"elementor-column elementor-col-100 elementor-top-column elementor-element elementor-element-129e85e\" data-id=\"129e85e\" data-element_type=\"column\">\r\n\t\t\t<div class=\"elementor-widget-wrap elementor-element-populated\">\r\n\t\t\t\t\t\t\t\t<div class=\"elementor-element elementor-element-e85cc6a elementor-widget elementor-widget-image\" data-id=\"e85cc6a\" data-element_type=\"widget\" data-widget_type=\"image.default\">\r\n\t\t\t\t<div class=\"elementor-widget-container\">\r\n\t\t\t\t\t\t\t\t\t\t\t\t\t\t\t<img loading=\"lazy\" decoding=\"async\" width=\"1920\" height=\"1080\" src=\"https:\/\/timedojoelho.com.br\/wp-content\/uploads\/2025\/05\/Orientacoes-2.jpg\" class=\"attachment-full size-full\" alt=\"\" srcset=\"https:\/\/timedojoelho.com.br\/wp-content\/uploads\/2025\/05\/Orientacoes-2.jpg 1920w, https:\/\/timedojoelho.com.br\/wp-content\/uploads\/2025\/05\/Orientacoes-2-300x169.jpg 300w, https:\/\/timedojoelho.com.br\/wp-content\/uploads\/2025\/05\/Orientacoes-2-1024x576.jpg 1024w, https:\/\/timedojoelho.com.br\/wp-content\/uploads\/2025\/05\/Orientacoes-2-768x432.jpg 768w, https:\/\/timedojoelho.com.br\/wp-content\/uploads\/2025\/05\/Orientacoes-2-1536x864.jpg 1536w\" sizes=\"auto, (max-width: 1920px) 100vw, 1920px\" \/>\t\t\t\t\t\t\t\t\t\t\t\t\t\t\t<\/div>\r\n\t\t\t\t<\/div>\r\n\t\t\t\t\t<\/div>\r\n\t\t<\/div>\r\n\t\t\t\t\t\t\t<\/div>\r\n\t\t<\/section>\r\n\t\t\t\t<section class=\"elementor-section elementor-top-section elementor-element elementor-element-44bb0dd elementor-section-boxed elementor-section-height-default elementor-section-height-default\" data-id=\"44bb0dd\" data-element_type=\"section\">\r\n\t\t\t\t\t\t<div class=\"elementor-container elementor-column-gap-default\">\r\n\t\t\t\t\t<div class=\"elementor-column elementor-col-33 elementor-top-column elementor-element elementor-element-adb3d1f\" data-id=\"adb3d1f\" data-element_type=\"column\">\r\n\t\t\t<div class=\"elementor-widget-wrap\">\r\n\t\t\t\t\t\t\t\t\t<\/div>\r\n\t\t<\/div>\r\n\t\t\t\t<div class=\"elementor-column elementor-col-33 elementor-top-column elementor-element elementor-element-7c13d32\" data-id=\"7c13d32\" data-element_type=\"column\">\r\n\t\t\t<div class=\"elementor-widget-wrap elementor-element-populated\">\r\n\t\t\t\t\t\t\t\t<div class=\"elementor-element elementor-element-88ed610 elementor-widget elementor-widget-spacer\" data-id=\"88ed610\" data-element_type=\"widget\" data-widget_type=\"spacer.default\">\r\n\t\t\t\t<div class=\"elementor-widget-container\">\r\n\t\t\t\t\t<div class=\"elementor-spacer\">\r\n\t\t\t<div class=\"elementor-spacer-inner\"><\/div>\r\n\t\t<\/div>\r\n\t\t\t\t<\/div>\r\n\t\t\t\t<\/div>\r\n\t\t\t\t<div class=\"elementor-element elementor-element-6c9f0c8 elementor-widget elementor-widget-heading\" data-id=\"6c9f0c8\" data-element_type=\"widget\" data-widget_type=\"heading.default\">\r\n\t\t\t\t<div class=\"elementor-widget-container\">\r\n\t\t\t<h2 class=\"elementor-heading-title elementor-size-default\">Orienta\u00e7\u00f5es Cirurgia<\/h2>\t\t<\/div>\r\n\t\t\t\t<\/div>\r\n\t\t\t\t<div class=\"elementor-element elementor-element-33dfb0a elementor-widget elementor-widget-text-editor\" data-id=\"33dfb0a\" data-element_type=\"widget\" data-widget_type=\"text-editor.default\">\r\n\t\t\t\t<div class=\"elementor-widget-container\">\r\n\t\t\t\t\t\t\t\t<p>O PROCEDIMENTO DO(A) PACIENTE <strong>THIAGO PINHO DE ANDRADE<\/strong> SER\u00c1 REALIZADO NO <strong>HOSPITAL S\u00c3O CAMILO <\/strong>NA DATA <strong>24\/04\/2025<\/strong><strong> \u00c0S 18:00.<\/strong><\/p><p><strong><u>CUIDADOS NECESS\u00c1RIOS PARA O DIA DA CIRURGIA<\/u><\/strong><strong>:<\/strong><\/p><p>O PACIENTE DEVE ESTAR COM NO M\u00cdNIMO <strong>8 HORAS DE JEJUM PARA S\u00d3LIDOS, <\/strong>E <strong>6 HORAS DE JEJUM PARA L\u00cdQUIDOS<\/strong>, POR\u00c9M <strong>4 HORAS ANTES DO PROCEDIMENTO<\/strong> O PACIENTE PODE TOMAR <strong>200ML<\/strong> DE \u00c1GUA DE COCO, CH\u00c1 OU SUCO SEM RES\u00cdDUOS. (<u>POR EXEMPLO<\/u>: SUCO DE LARANJA COADO)<\/p><p>N\u00c3O DEVE DEPILAR A PERNA QUE SER\u00c1 OPERADA, ANTES DO PROCEDIMENTO.<\/p><p>DEVER\u00c1 CHEGAR AO HOSPITAL ONDE FOI MARCADA A CIRURGIA COM <strong>3 HORAS DE ANTECED\u00caNCIA <\/strong>PARA INTERNA\u00c7\u00c3O E SE DIRIGIR A ADMISS\u00c3O DO HOSPITAL. PARA REALIZAR A INTERNA\u00c7\u00c3O, \u00c9 NECESS\u00c1RIO ESTAR COM <strong>ACOMPANHANTE.<\/strong><\/p><p><strong><u>DEVE LEVAR PARA O HOSPITAL: <\/u><\/strong><\/p><ul><li>DOCUMENTO DE IDENTIFICA\u00c7\u00c3O, CARTEIRA DO CONV\u00caNIO, GUIA DE INTERNA\u00c7\u00c3O (SOLICITA\u00c7\u00c3O E AUTORIZA\u00c7\u00c3O DA CIRURGIA)<\/li><li>TODOS OS EXAMES PEDIDO PELO M\u00c9DICO. EX: (EXAMES LABORATORIAIS, RX, RESSON\u00c2NCIA MAGN\u00c9TICA \u2013 LAUDOS E IMAGENS)<\/li><li>1 PAR DE MEIAS ANTITROMBO + 1 PAR DE MULETAS CANADENSES.<br \/><br \/><\/li><\/ul><p><strong>HOSPITAL S\u00c3O CAMILO (CURA DARS)<\/strong><\/p><ol><li>NOGUEIRA ACIOLI, 453 &#8211; CENTRO, FORTALEZA &#8211; CE, 60110-140<\/li><\/ol><p>TELEFONE: (85)3464-7000<\/p><p><strong>CL\u00cdNICA QORPO &#8211; SA\u00daDE EM MOVIMENTO<\/strong><\/p><ul><li><strong>SETOR DE FISIOTERAPIA: (1\u00ba ANDAR)<\/strong><\/li><\/ul><ol><li>SENADOR VIRG\u00cdLIO T\u00c1VORA, 195 \u2013 MEIRELES<\/li><\/ol><p>\u00a0\u00a0\u00a0\u00a0\u00a0\u00a0\u00a0\u00a0\u00a0\u00a0\u00a0\u00a0\u00a0 (85) 9265-1341 \/ (85) 3033.3550<\/p>\t\t\t\t\t\t<\/div>\r\n\t\t\t\t<\/div>\r\n\t\t\t\t\t<\/div>\r\n\t\t<\/div>\r\n\t\t\t\t<div class=\"elementor-column elementor-col-33 elementor-top-column elementor-element elementor-element-18711d9\" data-id=\"18711d9\" data-element_type=\"column\">\r\n\t\t\t<div class=\"elementor-widget-wrap\">\r\n\t\t\t\t\t\t\t\t\t<\/div>\r\n\t\t<\/div>\r\n\t\t\t\t\t\t\t<\/div>\r\n\t\t<\/section>\r\n\t\t\t\t\t\t<\/div>\r\n\t\t\t\t\t<\/div>\r\n\t\t","protected":false},"excerpt":{"rendered":"<p>Orienta\u00e7\u00f5es Cirurgia O PROCEDIMENTO DO(A) PACIENTE THIAGO PINHO DE ANDRADE SER\u00c1 REALIZADO NO HOSPITAL S\u00c3O CAMILO NA DATA 24\/04\/2025 \u00c0S 18:00. CUIDADOS NECESS\u00c1RIOS PARA O DIA DA CIRURGIA: O PACIENTE DEVE ESTAR COM NO M\u00cdNIMO 8 HORAS DE JEJUM PARA S\u00d3LIDOS, E 6 HORAS DE JEJUM PARA L\u00cdQUIDOS, POR\u00c9M 4 HORAS ANTES DO PROCEDIMENTO O [&hellip;]<\/p>\n","protected":false},"author":1,"featured_media":0,"parent":0,"menu_order":0,"comment_status":"closed","ping_status":"closed","template":"","meta":{"_seopress_robots_primary_cat":"","_seopress_titles_title":"","_seopress_titles_desc":"","_seopress_robots_index":"","footnotes":""},"class_list":["post-449","page","type-page","status-publish","hentry"],"_links":{"self":[{"href":"https:\/\/timedojoelho.com.br\/index.php?rest_route=\/wp\/v2\/pages\/449","targetHints":{"allow":["GET"]}}],"collection":[{"href":"https:\/\/timedojoelho.com.br\/index.php?rest_route=\/wp\/v2\/pages"}],"about":[{"href":"https:\/\/timedojoelho.com.br\/index.php?rest_route=\/wp\/v2\/types\/page"}],"author":[{"embeddable":true,"href":"https:\/\/timedojoelho.com.br\/index.php?rest_route=\/wp\/v2\/users\/1"}],"replies":[{"embeddable":true,"href":"https:\/\/timedojoelho.com.br\/index.php?rest_route=%2Fwp%2Fv2%2Fcomments&post=449"}],"version-history":[{"count":22,"href":"https:\/\/timedojoelho.com.br\/index.php?rest_route=\/wp\/v2\/pages\/449\/revisions"}],"predecessor-version":[{"id":625,"href":"https:\/\/timedojoelho.com.br\/index.php?rest_route=\/wp\/v2\/pages\/449\/revisions\/625"}],"wp:attachment":[{"href":"https:\/\/timedojoelho.com.br\/index.php?rest_route=%2Fwp%2Fv2%2Fmedia&parent=449"}],"curies":[{"name":"wp","href":"https:\/\/api.w.org\/{rel}","templated":true}]}}