{"id":640,"date":"2026-04-08T11:38:51","date_gmt":"2026-04-08T14:38:51","guid":{"rendered":"https:\/\/timedojoelho.com.br\/?page_id=640"},"modified":"2026-04-08T13:06:22","modified_gmt":"2026-04-08T16:06:22","slug":"whatsapp-2","status":"publish","type":"page","link":"https:\/\/timedojoelho.com.br\/?page_id=640","title":{"rendered":"WhatsApp"},"content":{"rendered":"\t\t<div data-elementor-type=\"wp-page\" data-elementor-id=\"640\" class=\"elementor elementor-640\" data-elementor-settings=\"[]\">\r\n\t\t\t\t\t\t\t<div class=\"elementor-section-wrap\">\r\n\t\t\t\t\t\t\t<section class=\"elementor-section elementor-top-section elementor-element elementor-element-884dba6 elementor-section-boxed elementor-section-height-default elementor-section-height-default\" data-id=\"884dba6\" data-element_type=\"section\">\r\n\t\t\t\t\t\t<div class=\"elementor-container elementor-column-gap-default\">\r\n\t\t\t\t\t<div class=\"elementor-column elementor-col-100 elementor-top-column elementor-element elementor-element-6cbd584\" data-id=\"6cbd584\" data-element_type=\"column\">\r\n\t\t\t<div class=\"elementor-widget-wrap elementor-element-populated\">\r\n\t\t\t\t\t\t\t\t<div class=\"elementor-element elementor-element-b1619a9 elementor-widget elementor-widget-shortcode\" data-id=\"b1619a9\" data-element_type=\"widget\" data-widget_type=\"shortcode.default\">\r\n\t\t\t\t<div class=\"elementor-widget-container\">\r\n\t\t\t\t\t<div class=\"elementor-shortcode\">    <style>\n    #ra_CNul6l {\n        --ra-accent: #0074cc;\n        --ra-bg:     #000000;\n        --ra-fg:     #ffffff;\n    }\n    #ra_CNul6l .ra-wrap {\n        background: var(--ra-bg);\n        color: var(--ra-fg);\n        border-radius: 16px;\n        padding: 40px 32px;\n        max-width: 480px;\n        margin: 40px auto;\n        text-align: center;\n        font-family: -apple-system, BlinkMacSystemFont, 'Segoe UI', Roboto, sans-serif;\n        box-shadow: 0 20px 60px rgba(0,0,0,.35);\n        position: relative;\n        overflow: hidden;\n    }\n    #ra_CNul6l .ra-wrap::before {\n        content: '';\n        position: absolute;\n        inset: 0;\n        background: radial-gradient(ellipse at top, rgba(255,255,255,.06) 0%, transparent 70%);\n        pointer-events: none;\n    }\n    #ra_CNul6l .ra-icon {\n        font-size: 52px;\n        line-height: 1;\n        margin-bottom: 16px;\n        display: block;\n        animation: ra-pulse 2s ease-in-out infinite;\n    }\n    @keyframes ra-pulse {\n        0%, 100% { transform: scale(1); }\n        50%       { transform: scale(1.1); }\n    }\n    #ra_CNul6l .ra-msg {\n        font-size: 16px;\n        opacity: .8;\n        margin: 0 0 8px;\n        line-height: 1.5;\n    }\n    #ra_CNul6l .ra-count {\n        font-size: 68px;\n        font-weight: 900;\n        line-height: 1;\n        letter-spacing: -3px;\n        margin: 0 0 28px;\n        color: var(--ra-fg);\n        transition: transform .1s ease;\n    }\n    #ra_CNul6l .ra-count span {\n        font-size: 22px;\n        font-weight: 400;\n        opacity: .6;\n        letter-spacing: 0;\n    }\n    #ra_CNul6l .ra-bar-track {\n        background: rgba(255,255,255,.15);\n        border-radius: 99px;\n        height: 10px;\n        overflow: hidden;\n        margin-bottom: 28px;\n    }\n    #ra_CNul6l .ra-bar-fill {\n        background: var(--ra-accent);\n        height: 100%;\n        width: 100%;\n        border-radius: 99px;\n        transform-origin: left;\n        transition: transform linear;\n        box-shadow: 0 0 12px var(--ra-accent);\n    }\n    #ra_CNul6l .ra-btn {\n        display: inline-block;\n        background: var(--ra-accent);\n        color: #fff !important;\n        text-decoration: none !important;\n        border: none;\n        padding: 13px 36px;\n        border-radius: 10px;\n        font-size: 15px;\n        font-weight: 700;\n        cursor: pointer;\n        letter-spacing: .3px;\n        transition: opacity .2s, transform .15s;\n        box-shadow: 0 4px 18px rgba(0,0,0,.25);\n    }\n    #ra_CNul6l .ra-btn:hover {\n        opacity: .9;\n        transform: translateY(-2px);\n    }\n    #ra_CNul6l .ra-note {\n        font-size: 12px;\n        opacity: .45;\n        margin-top: 16px;\n    }\n    <\/style>\n\n    <div id=\"ra_CNul6l\">\n        <div class=\"ra-wrap\">\n            <span class=\"ra-icon\">\ud83d\udcac<\/span>\n            <p class=\"ra-msg\">Voc\u00ea ser\u00e1 redirecionado para o atendimento em<\/p>\n            <p class=\"ra-count\" id=\"ra_CNul6l_num\">3<span>s<\/span><\/p>\n            <div class=\"ra-bar-track\">\n                <div class=\"ra-bar-fill\" id=\"ra_CNul6l_bar\"><\/div>\n            <\/div>\n            <a href=\"https:\/\/api.whatsapp.com\/send\/?phone=5585981277944&#038;text=Ol%C3%A1+eu+estava+navegando+no+site+https%3A%2F%2Ftimedojoelho.com.br%2F+e+gostaria+de+tirar+d%C3%BAvidas+para+marcar+minha+consulta.&#038;type=phone_number&#038;app_absent=0\"\n               target=\"_self\"\n                              class=\"ra-btn\"\n               id=\"ra_CNul6l_btn\">\n                Ir agora            <\/a>\n            <p class=\"ra-note\">Abre em mesma aba<\/p>\n        <\/div>\n    <\/div>\n\n    <script>\n    (function() {\n        var uid      = 'ra_CNul6l';\n        var totalMs  = 3000;\n        var totalSec = 3;\n        var url      = 'https:\/\/api.whatsapp.com\/send\/?phone=5585981277944&amp;text=Ol%C3%A1+eu+estava+navegando+no+site+https%3A%2F%2Ftimedojoelho.com.br%2F+e+gostaria+de+tirar+d%C3%BAvidas+para+marcar+minha+consulta.&amp;type=phone_number&amp;app_absent=0';\n        var target   = '_self';\n\n        var numEl    = document.getElementById(uid + '_num');\n        var barEl    = document.getElementById(uid + '_bar');\n        var btnEl    = document.getElementById(uid + '_btn');\n\n        \/* Barra come\u00e7a cheia (100%) e encolhe at\u00e9 0% *\/\n        barEl.style.transition = 'transform ' + (totalMs \/ 1000) + 's linear';\n        barEl.style.transform  = 'scaleX(1)';\n\n        \/* For\u00e7a reflow para a transi\u00e7\u00e3o funcionar *\/\n        void barEl.offsetWidth;\n\n        \/* Inicia anima\u00e7\u00e3o da barra *\/\n        setTimeout(function() {\n            barEl.style.transform = 'scaleX(0)';\n        }, 60);\n\n        \/* Contagem regressiva no n\u00famero *\/\n        var remaining = totalSec;\n        var ticker = setInterval(function() {\n            remaining--;\n            if (numEl) {\n                numEl.innerHTML = remaining + '<span>s<\/span>';\n                numEl.style.transform = 'scale(1.15)';\n                setTimeout(function() { numEl.style.transform = 'scale(1)'; }, 120);\n            }\n            if (remaining <= 0) {\n                clearInterval(ticker);\n            }\n        }, 1000);\n\n        \/* Redirecionamento ao fim \u2014 window.location.href nunca dispara bloqueador de popup *\/\n        var redirectTimer = setTimeout(function() {\n            window.location.href = url;\n        }, totalMs);\n\n        \/* Bot\u00e3o navega naturalmente como link \u2014 sem preventDefault,\n           sem window.open, sem risco de bloqueio *\/\n        if (btnEl) {\n            btnEl.addEventListener('click', function() {\n                clearInterval(ticker);\n                clearTimeout(redirectTimer);\n                \/* A navega\u00e7\u00e3o ocorre pelo href nativo do <a> *\/\n            });\n        }\n    })();\n    <\/script>\n    <\/div>\r\n\t\t\t\t<\/div>\r\n\t\t\t\t<\/div>\r\n\t\t\t\t\t<\/div>\r\n\t\t<\/div>\r\n\t\t\t\t\t\t\t<\/div>\r\n\t\t<\/section>\r\n\t\t\t\t\t\t<\/div>\r\n\t\t\t\t\t<\/div>\r\n\t\t","protected":false},"excerpt":{"rendered":"","protected":false},"author":1,"featured_media":0,"parent":0,"menu_order":0,"comment_status":"closed","ping_status":"closed","template":"","meta":{"_seopress_robots_primary_cat":"","_seopress_titles_title":"","_seopress_titles_desc":"","_seopress_robots_index":"","footnotes":""},"class_list":["post-640","page","type-page","status-publish","hentry"],"_links":{"self":[{"href":"https:\/\/timedojoelho.com.br\/index.php?rest_route=\/wp\/v2\/pages\/640","targetHints":{"allow":["GET"]}}],"collection":[{"href":"https:\/\/timedojoelho.com.br\/index.php?rest_route=\/wp\/v2\/pages"}],"about":[{"href":"https:\/\/timedojoelho.com.br\/index.php?rest_route=\/wp\/v2\/types\/page"}],"author":[{"embeddable":true,"href":"https:\/\/timedojoelho.com.br\/index.php?rest_route=\/wp\/v2\/users\/1"}],"replies":[{"embeddable":true,"href":"https:\/\/timedojoelho.com.br\/index.php?rest_route=%2Fwp%2Fv2%2Fcomments&post=640"}],"version-history":[{"count":7,"href":"https:\/\/timedojoelho.com.br\/index.php?rest_route=\/wp\/v2\/pages\/640\/revisions"}],"predecessor-version":[{"id":649,"href":"https:\/\/timedojoelho.com.br\/index.php?rest_route=\/wp\/v2\/pages\/640\/revisions\/649"}],"wp:attachment":[{"href":"https:\/\/timedojoelho.com.br\/index.php?rest_route=%2Fwp%2Fv2%2Fmedia&parent=640"}],"curies":[{"name":"wp","href":"https:\/\/api.w.org\/{rel}","templated":true}]}}